{"id":63,"date":"2026-01-24T20:38:29","date_gmt":"2026-01-24T20:38:29","guid":{"rendered":"http:\/\/torrepesca.es\/?post_type=product&#038;p=63"},"modified":"2026-01-24T20:42:30","modified_gmt":"2026-01-24T20:42:30","slug":"shimano-catana-3000","status":"publish","type":"product","link":"https:\/\/torrepesca.es\/index.php\/product\/shimano-catana-3000\/","title":{"rendered":"Shimano Catana 3000"},"content":{"rendered":"<div id='gallery-1' class='gallery galleryid-63 gallery-columns-3 gallery-size-thumbnail'><figure class='gallery-item'>\n\t\t\t<div class='gallery-icon landscape'>\n\t\t\t\t<a href='https:\/\/torrepesca.es\/?attachment_id=66'><img loading=\"lazy\" decoding=\"async\" width=\"150\" height=\"150\" src=\"https:\/\/torrepesca.es\/wp-content\/uploads\/2026\/01\/q10gvzmp-150x150.png\" class=\"attachment-thumbnail size-thumbnail\" alt=\"\" srcset=\"https:\/\/torrepesca.es\/wp-content\/uploads\/2026\/01\/q10gvzmp-150x150.png 150w, https:\/\/torrepesca.es\/wp-content\/uploads\/2026\/01\/q10gvzmp-300x300.png 300w, https:\/\/torrepesca.es\/wp-content\/uploads\/2026\/01\/q10gvzmp-100x100.png 100w, https:\/\/torrepesca.es\/wp-content\/uploads\/2026\/01\/q10gvzmp-600x600.png 600w, https:\/\/torrepesca.es\/wp-content\/uploads\/2026\/01\/q10gvzmp-768x768.png 768w, https:\/\/torrepesca.es\/wp-content\/uploads\/2026\/01\/q10gvzmp.png 960w\" sizes=\"auto, (max-width: 150px) 100vw, 150px\" \/><\/a>\n\t\t\t<\/div><\/figure>\n\t\t<\/div>\n\n<p>Esta Catana es la \u00faltima versi\u00f3n de un cl\u00e1sico de Shimano. Con una excepcional relaci\u00f3n calidad-precio, el Catana es un carrete de spinning para agua dulce y salada en aguas cerradas que puede utilizarse para todo tipo de pesca en agua dulce.<br \/>\nSi busca un carrete de spinning de agua dulce a un precio muy asequible, el Catana es una opci\u00f3n que no debe ignorar. Ideal para una amplia gama de pesca, desde se\u00f1uelos ligeros y de tama\u00f1o medio, hasta la pesca de match y feeder, su aspecto discreto es fant\u00e1stico y su rendimiento es notable para un carrete de este precio. Combine la Catana con cualquier ca\u00f1a Shimano de precio bajo y medio, y tendr\u00e1 una gran combinaci\u00f3n de la que estar\u00e1 orgulloso de poseer y utilizar.<br \/>\nAl usarlo, notar\u00e1 inmediatamente la mejora del equilibrio producida por el novedoso dise\u00f1o del cuerpo G-Free de Shimano. Este dise\u00f1o del cuerpo se encuentra en los mejores carretes de Shimano y facilita la pesca durante un largo periodo de tiempo. La suavidad que sentir\u00e1 proviene de una combinaci\u00f3n de 3 rodamientos de acero inoxidable Shimano m\u00e1s un rodamiento de rodillos, lo que garantiza un rendimiento sin problemas, incluso pescando a los peces m\u00e1s grandes. Al igual que los carretes de gama alta de Shimano, la bobina de aluminio tiene un dise\u00f1o AR-C, que combinado con la disposici\u00f3n de la l\u00ednea Varispeed II mejora la distancia y la precisi\u00f3n de los lances, tanto con l\u00edneas mono como trenzadas.<br \/>\nQuiz\u00e1 la decisi\u00f3n m\u00e1s dif\u00edcil que tendr\u00e1 que tomar es la de la talla de Catana que debe elegir. Hay 7 modelos, incluyendo las versiones de velocidad r\u00e1pida &#8216;HG&#8217;, que van desde el tama\u00f1o m\u00e1s peque\u00f1o 1000, adecuado para la pesca ligera &#8216;finesse&#8217;, hasta el tama\u00f1o m\u00e1s grande 4000, que es perfecto para los se\u00f1uelos m\u00e1s grandes y la pesca pesada. Sea cual sea su elecci\u00f3n, el Catana le garantiza muchas horas de diversi\u00f3n y emoci\u00f3n en la pesca.<\/p>\n","protected":false},"excerpt":{"rendered":"<p>Esta Catana es la \u00faltima versi\u00f3n de un cl\u00e1sico de Shimano. Con una excepcional relaci\u00f3n calidad-precio, el Catana es un [&hellip;]<\/p>\n","protected":false},"featured_media":67,"comment_status":"open","ping_status":"closed","template":"","meta":{"site-sidebar-layout":"default","site-content-layout":"","ast-site-content-layout":"default","site-content-style":"default","site-sidebar-style":"default","ast-global-header-display":"","ast-banner-title-visibility":"","ast-main-header-display":"","ast-hfb-above-header-display":"","ast-hfb-below-header-display":"","ast-hfb-mobile-header-display":"","site-post-title":"","ast-breadcrumbs-content":"","ast-featured-img":"","footer-sml-layout":"","ast-disable-related-posts":"","theme-transparent-header-meta":"","adv-header-id-meta":"","stick-header-meta":"","header-above-stick-meta":"","header-main-stick-meta":"","header-below-stick-meta":"","astra-migrate-meta-layouts":"default","ast-page-background-enabled":"default","ast-page-background-meta":{"desktop":{"background-color":"var(--ast-global-color-5)","background-image":"","background-repeat":"repeat","background-position":"center center","background-size":"auto","background-attachment":"scroll","background-type":"","background-media":"","overlay-type":"","overlay-color":"","overlay-opacity":"","overlay-gradient":""},"tablet":{"background-color":"","background-image":"","background-repeat":"repeat","background-position":"center center","background-size":"auto","background-attachment":"scroll","background-type":"","background-media":"","overlay-type":"","overlay-color":"","overlay-opacity":"","overlay-gradient":""},"mobile":{"background-color":"","background-image":"","background-repeat":"repeat","background-position":"center center","background-size":"auto","background-attachment":"scroll","background-type":"","background-media":"","overlay-type":"","overlay-color":"","overlay-opacity":"","overlay-gradient":""}},"ast-content-background-meta":{"desktop":{"background-color":"var(--ast-global-color-4)","background-image":"","background-repeat":"repeat","background-position":"center center","background-size":"auto","background-attachment":"scroll","background-type":"","background-media":"","overlay-type":"","overlay-color":"","overlay-opacity":"","overlay-gradient":""},"tablet":{"background-color":"var(--ast-global-color-4)","background-image":"","background-repeat":"repeat","background-position":"center center","background-size":"auto","background-attachment":"scroll","background-type":"","background-media":"","overlay-type":"","overlay-color":"","overlay-opacity":"","overlay-gradient":""},"mobile":{"background-color":"var(--ast-global-color-4)","background-image":"","background-repeat":"repeat","background-position":"center center","background-size":"auto","background-attachment":"scroll","background-type":"","background-media":"","overlay-type":"","overlay-color":"","overlay-opacity":"","overlay-gradient":""}}},"product_brand":[],"product_cat":[15,16],"product_tag":[],"class_list":{"0":"post-63","1":"product","2":"type-product","3":"status-publish","4":"has-post-thumbnail","6":"product_cat-uncategorized","7":"product_cat-carretes","8":"desktop-align-left","9":"tablet-align-left","10":"mobile-align-left","12":"first","13":"instock","14":"sale","15":"sold-individually","16":"taxable","17":"shipping-taxable","18":"purchasable","19":"product-type-simple"},"jetpack_sharing_enabled":true,"_links":{"self":[{"href":"https:\/\/torrepesca.es\/index.php\/wp-json\/wp\/v2\/product\/63","targetHints":{"allow":["GET"]}}],"collection":[{"href":"https:\/\/torrepesca.es\/index.php\/wp-json\/wp\/v2\/product"}],"about":[{"href":"https:\/\/torrepesca.es\/index.php\/wp-json\/wp\/v2\/types\/product"}],"replies":[{"embeddable":true,"href":"https:\/\/torrepesca.es\/index.php\/wp-json\/wp\/v2\/comments?post=63"}],"wp:featuredmedia":[{"embeddable":true,"href":"https:\/\/torrepesca.es\/index.php\/wp-json\/wp\/v2\/media\/67"}],"wp:attachment":[{"href":"https:\/\/torrepesca.es\/index.php\/wp-json\/wp\/v2\/media?parent=63"}],"wp:term":[{"taxonomy":"product_brand","embeddable":true,"href":"https:\/\/torrepesca.es\/index.php\/wp-json\/wp\/v2\/product_brand?post=63"},{"taxonomy":"product_cat","embeddable":true,"href":"https:\/\/torrepesca.es\/index.php\/wp-json\/wp\/v2\/product_cat?post=63"},{"taxonomy":"product_tag","embeddable":true,"href":"https:\/\/torrepesca.es\/index.php\/wp-json\/wp\/v2\/product_tag?post=63"}],"curies":[{"name":"wp","href":"https:\/\/api.w.org\/{rel}","templated":true}]}}