{"id":114,"date":"2026-03-06T21:43:33","date_gmt":"2026-03-06T21:43:33","guid":{"rendered":"https:\/\/torrepesca.es\/?post_type=product&#038;p=114"},"modified":"2026-03-06T21:43:33","modified_gmt":"2026-03-06T21:43:33","slug":"daiwa-fuego-lt","status":"publish","type":"product","link":"https:\/\/torrepesca.es\/index.php\/product\/daiwa-fuego-lt\/","title":{"rendered":"Daiwa Fuego LT"},"content":{"rendered":"<p>Dise\u00f1ado para todo tipo de pesca activa, el Fuego 23 ha mejorado considerablemente su fluidez gracias al concepto tecnol\u00f3gico AIRDRIVE DESIGN. Este nuevo enfoque de dise\u00f1o tiene como objetivo reducir la inercia en la rotaci\u00f3n y favorecer la fluidez. En este modelo en concreto, el trabajo realizado en el dise\u00f1o del rotor y el aro del pick-up permite obtener un funcionamiento extraordinariamente suave.<\/p>\n<p>&nbsp;<\/p>\n<p>La tecnolog\u00eda Magsealed permite mantener la fluidez de rotaci\u00f3n y aumenta la durabilidad del carrete.<\/p>\n<p>&nbsp;<\/p>\n<p>El nuevo rodillo del pick-up (Twist Buster III) y el perfil espec\u00edfico del labio de la bobina (Long Cast ABS) facilitan los lance largos y el colocamiento del hilo en la bobina.<\/p>\n<p>&nbsp;<\/p>\n<p>El freno ATD-L ofrece un excelente control durante los combates y una gran progresividad.<\/p>\n<p>&nbsp;<\/p>\n<p>Est\u00e1 disponible del tama\u00f1o 1000 al 6000 para una gran variedad de utilizaciones. \u00a1Una gama muy codiciada en la categor\u00eda de peso pluma!<\/p>\n<p><img loading=\"lazy\" decoding=\"async\" class=\"size-medium wp-image-117\" src=\"https:\/\/torrepesca.es\/wp-content\/uploads\/2026\/03\/Screenshot_20260306_223502-300x93.jpg\" alt=\"\" width=\"300\" height=\"93\" srcset=\"https:\/\/torrepesca.es\/wp-content\/uploads\/2026\/03\/Screenshot_20260306_223502-300x93.jpg 300w, https:\/\/torrepesca.es\/wp-content\/uploads\/2026\/03\/Screenshot_20260306_223502-1024x316.jpg 1024w, https:\/\/torrepesca.es\/wp-content\/uploads\/2026\/03\/Screenshot_20260306_223502-768x237.jpg 768w, https:\/\/torrepesca.es\/wp-content\/uploads\/2026\/03\/Screenshot_20260306_223502-1536x474.jpg 1536w, https:\/\/torrepesca.es\/wp-content\/uploads\/2026\/03\/Screenshot_20260306_223502-2048x632.jpg 2048w, https:\/\/torrepesca.es\/wp-content\/uploads\/2026\/03\/Screenshot_20260306_223502-1320x407.jpg 1320w, https:\/\/torrepesca.es\/wp-content\/uploads\/2026\/03\/Screenshot_20260306_223502-600x185.jpg 600w\" sizes=\"auto, (max-width: 300px) 100vw, 300px\" \/><\/p>\n<p>&nbsp;<\/p>\n","protected":false},"excerpt":{"rendered":"<p>Dise\u00f1ado para todo tipo de pesca activa, el Fuego 23 ha mejorado considerablemente su fluidez gracias al concepto tecnol\u00f3gico AIRDRIVE [&hellip;]<\/p>\n","protected":false},"featured_media":116,"comment_status":"open","ping_status":"closed","template":"","meta":{"site-sidebar-layout":"default","site-content-layout":"","ast-site-content-layout":"default","site-content-style":"default","site-sidebar-style":"default","ast-global-header-display":"","ast-banner-title-visibility":"","ast-main-header-display":"","ast-hfb-above-header-display":"","ast-hfb-below-header-display":"","ast-hfb-mobile-header-display":"","site-post-title":"","ast-breadcrumbs-content":"","ast-featured-img":"","footer-sml-layout":"","ast-disable-related-posts":"","theme-transparent-header-meta":"default","adv-header-id-meta":"","stick-header-meta":"","header-above-stick-meta":"","header-main-stick-meta":"","header-below-stick-meta":"","astra-migrate-meta-layouts":"set","ast-page-background-enabled":"default","ast-page-background-meta":{"desktop":{"background-color":"var(--ast-global-color-5)","background-image":"","background-repeat":"repeat","background-position":"center center","background-size":"auto","background-attachment":"scroll","background-type":"","background-media":"","overlay-type":"","overlay-color":"","overlay-opacity":"","overlay-gradient":""},"tablet":{"background-color":"","background-image":"","background-repeat":"repeat","background-position":"center center","background-size":"auto","background-attachment":"scroll","background-type":"","background-media":"","overlay-type":"","overlay-color":"","overlay-opacity":"","overlay-gradient":""},"mobile":{"background-color":"","background-image":"","background-repeat":"repeat","background-position":"center center","background-size":"auto","background-attachment":"scroll","background-type":"","background-media":"","overlay-type":"","overlay-color":"","overlay-opacity":"","overlay-gradient":""}},"ast-content-background-meta":{"desktop":{"background-color":"var(--ast-global-color-4)","background-image":"","background-repeat":"repeat","background-position":"center center","background-size":"auto","background-attachment":"scroll","background-type":"","background-media":"","overlay-type":"","overlay-color":"","overlay-opacity":"","overlay-gradient":""},"tablet":{"background-color":"var(--ast-global-color-4)","background-image":"","background-repeat":"repeat","background-position":"center center","background-size":"auto","background-attachment":"scroll","background-type":"","background-media":"","overlay-type":"","overlay-color":"","overlay-opacity":"","overlay-gradient":""},"mobile":{"background-color":"var(--ast-global-color-4)","background-image":"","background-repeat":"repeat","background-position":"center center","background-size":"auto","background-attachment":"scroll","background-type":"","background-media":"","overlay-type":"","overlay-color":"","overlay-opacity":"","overlay-gradient":""}}},"product_brand":[25],"product_cat":[45,16],"product_tag":[],"class_list":{"0":"post-114","1":"product","2":"type-product","3":"status-publish","4":"has-post-thumbnail","6":"product_brand-daiwa","7":"product_cat-carretes-2","8":"product_cat-carretes","9":"desktop-align-left","10":"tablet-align-left","11":"mobile-align-left","13":"first","14":"instock","15":"taxable","16":"shipping-taxable","17":"product-type-simple"},"jetpack_sharing_enabled":true,"_links":{"self":[{"href":"https:\/\/torrepesca.es\/index.php\/wp-json\/wp\/v2\/product\/114","targetHints":{"allow":["GET"]}}],"collection":[{"href":"https:\/\/torrepesca.es\/index.php\/wp-json\/wp\/v2\/product"}],"about":[{"href":"https:\/\/torrepesca.es\/index.php\/wp-json\/wp\/v2\/types\/product"}],"replies":[{"embeddable":true,"href":"https:\/\/torrepesca.es\/index.php\/wp-json\/wp\/v2\/comments?post=114"}],"wp:featuredmedia":[{"embeddable":true,"href":"https:\/\/torrepesca.es\/index.php\/wp-json\/wp\/v2\/media\/116"}],"wp:attachment":[{"href":"https:\/\/torrepesca.es\/index.php\/wp-json\/wp\/v2\/media?parent=114"}],"wp:term":[{"taxonomy":"product_brand","embeddable":true,"href":"https:\/\/torrepesca.es\/index.php\/wp-json\/wp\/v2\/product_brand?post=114"},{"taxonomy":"product_cat","embeddable":true,"href":"https:\/\/torrepesca.es\/index.php\/wp-json\/wp\/v2\/product_cat?post=114"},{"taxonomy":"product_tag","embeddable":true,"href":"https:\/\/torrepesca.es\/index.php\/wp-json\/wp\/v2\/product_tag?post=114"}],"curies":[{"name":"wp","href":"https:\/\/api.w.org\/{rel}","templated":true}]}}